{"id":446,"date":"2024-01-23T20:04:57","date_gmt":"2024-01-23T19:04:57","guid":{"rendered":"https:\/\/deudu.co\/?page_id=446"},"modified":"2024-10-15T23:51:21","modified_gmt":"2024-10-15T21:51:21","slug":"nosotros","status":"publish","type":"page","link":"https:\/\/deudu.co\/index.php\/nosotros\/","title":{"rendered":"Nosotros"},"content":{"rendered":"\t\t<div data-elementor-type=\"wp-page\" data-elementor-id=\"446\" class=\"elementor elementor-446\">\n\t\t\t\t<div class=\"elementor-element elementor-element-e39b06d e-con-full e-flex e-con e-parent\" data-id=\"e39b06d\" data-element_type=\"container\" data-settings=\"{&quot;content_width&quot;:&quot;full&quot;,&quot;background_background&quot;:&quot;classic&quot;}\" data-core-v316-plus=\"true\">\n\t\t<div class=\"elementor-element elementor-element-b4846c9 e-flex e-con-boxed e-con e-child\" data-id=\"b4846c9\" data-element_type=\"container\" data-settings=\"{&quot;content_width&quot;:&quot;boxed&quot;}\">\n\t\t\t\t\t<div class=\"e-con-inner\">\n\t\t<div class=\"elementor-element elementor-element-06a820f e-flex e-con-boxed e-con e-child\" data-id=\"06a820f\" data-element_type=\"container\" data-settings=\"{&quot;content_width&quot;:&quot;boxed&quot;}\">\n\t\t\t\t\t<div class=\"e-con-inner\">\n\t\t\t\t<div class=\"elementor-element elementor-element-a83dcfe elementor-widget elementor-widget-heading\" data-id=\"a83dcfe\" data-element_type=\"widget\" data-widget_type=\"heading.default\">\n\t\t\t\t<div class=\"elementor-widget-container\">\n\t\t\t<style>\/*! elementor - v3.19.0 - 29-01-2024 *\/\n.elementor-heading-title{padding:0;margin:0;line-height:1}.elementor-widget-heading .elementor-heading-title[class*=elementor-size-]>a{color:inherit;font-size:inherit;line-height:inherit}.elementor-widget-heading .elementor-heading-title.elementor-size-small{font-size:15px}.elementor-widget-heading .elementor-heading-title.elementor-size-medium{font-size:19px}.elementor-widget-heading .elementor-heading-title.elementor-size-large{font-size:29px}.elementor-widget-heading .elementor-heading-title.elementor-size-xl{font-size:39px}.elementor-widget-heading .elementor-heading-title.elementor-size-xxl{font-size:59px}<\/style><h2 class=\"elementor-heading-title elementor-size-default\">Hola\n<br>\nSomos Deudu<\/h2>\t\t<\/div>\n\t\t\t\t<\/div>\n\t\t\t\t\t<\/div>\n\t\t\t\t<\/div>\n\t\t<div class=\"elementor-element elementor-element-bb41555 e-flex e-con-boxed e-con e-child\" data-id=\"bb41555\" data-element_type=\"container\" data-settings=\"{&quot;content_width&quot;:&quot;boxed&quot;}\">\n\t\t\t\t\t<div class=\"e-con-inner\">\n\t\t\t\t\t<\/div>\n\t\t\t\t<\/div>\n\t\t\t\t\t<\/div>\n\t\t\t\t<\/div>\n\t\t\t\t<\/div>\n\t\t<div class=\"elementor-element elementor-element-44d16cc e-con-full e-flex e-con e-parent\" data-id=\"44d16cc\" data-element_type=\"container\" data-settings=\"{&quot;content_width&quot;:&quot;full&quot;}\" data-core-v316-plus=\"true\">\n\t\t<div class=\"elementor-element elementor-element-3c5c872 e-con-full e-flex e-con e-child\" data-id=\"3c5c872\" data-element_type=\"container\" data-settings=\"{&quot;content_width&quot;:&quot;full&quot;}\">\n\t\t<div class=\"elementor-element elementor-element-7b7c0c0 e-flex e-con-boxed e-con e-child\" data-id=\"7b7c0c0\" data-element_type=\"container\" data-settings=\"{&quot;content_width&quot;:&quot;boxed&quot;}\">\n\t\t\t\t\t<div class=\"e-con-inner\">\n\t\t\t\t<div class=\"elementor-element elementor-element-bd65277 elementor-widget elementor-widget-image\" data-id=\"bd65277\" data-element_type=\"widget\" data-widget_type=\"image.default\">\n\t\t\t\t<div class=\"elementor-widget-container\">\n\t\t\t<style>\/*! elementor - v3.19.0 - 29-01-2024 *\/\n.elementor-widget-image{text-align:center}.elementor-widget-image a{display:inline-block}.elementor-widget-image a img[src$=\".svg\"]{width:48px}.elementor-widget-image img{vertical-align:middle;display:inline-block}<\/style>\t\t\t\t\t\t\t\t\t\t<img fetchpriority=\"high\" decoding=\"async\" width=\"499\" height=\"502\" src=\"https:\/\/deudu.co\/wp-content\/uploads\/2024\/01\/Nostros.png\" class=\"attachment-large size-large wp-image-775\" alt=\"\" srcset=\"https:\/\/deudu.co\/wp-content\/uploads\/2024\/01\/Nostros.png 499w, https:\/\/deudu.co\/wp-content\/uploads\/2024\/01\/Nostros-298x300.png 298w, https:\/\/deudu.co\/wp-content\/uploads\/2024\/01\/Nostros-150x150.png 150w, https:\/\/deudu.co\/wp-content\/uploads\/2024\/01\/Nostros-24x24.png 24w, https:\/\/deudu.co\/wp-content\/uploads\/2024\/01\/Nostros-36x36.png 36w, https:\/\/deudu.co\/wp-content\/uploads\/2024\/01\/Nostros-48x48.png 48w\" sizes=\"(max-width: 499px) 100vw, 499px\" \/>\t\t\t\t\t\t\t\t\t\t\t\t\t<\/div>\n\t\t\t\t<\/div>\n\t\t\t\t\t<\/div>\n\t\t\t\t<\/div>\n\t\t<div class=\"elementor-element elementor-element-f84ae10 e-flex e-con-boxed e-con e-child\" data-id=\"f84ae10\" data-element_type=\"container\" data-settings=\"{&quot;content_width&quot;:&quot;boxed&quot;}\">\n\t\t\t\t\t<div class=\"e-con-inner\">\n\t\t\t\t<div class=\"elementor-element elementor-element-01d2a08 elementor-widget elementor-widget-heading\" data-id=\"01d2a08\" data-element_type=\"widget\" data-widget_type=\"heading.default\">\n\t\t\t\t<div class=\"elementor-widget-container\">\n\t\t\t<p class=\"elementor-heading-title elementor-size-default\">Una compa\u00f1\u00eda dedicada a generar oportunidades para que salgas de los reportes en Centrales de Riesgo, esto lo logramos, adquiriendo las carteras en mora de diferentes entidades financieras y creando acuerdos pensando en tu futuro.\u00a0\n<br><br>\nAs\u00ed que, si alguna vez te atrasaste en los pagos de tus cr\u00e9ditos y tienes un reporte en Centrales de Riesgo, tu deuda puede estar aqu\u00ed.\n<\/p>\t\t<\/div>\n\t\t\t\t<\/div>\n\t\t\t\t\t<\/div>\n\t\t\t\t<\/div>\n\t\t\t\t<\/div>\n\t\t\t\t<\/div>\n\t\t<div class=\"elementor-element elementor-element-1b89cbc e-flex e-con-boxed e-con e-parent\" data-id=\"1b89cbc\" data-element_type=\"container\" data-settings=\"{&quot;content_width&quot;:&quot;boxed&quot;}\" data-core-v316-plus=\"true\">\n\t\t\t\t\t<div class=\"e-con-inner\">\n\t\t\t\t<div class=\"elementor-element elementor-element-2c77b20 elementor-widget elementor-widget-heading\" data-id=\"2c77b20\" data-element_type=\"widget\" data-widget_type=\"heading.default\">\n\t\t\t\t<div class=\"elementor-widget-container\">\n\t\t\t<h2 class=\"elementor-heading-title elementor-size-default\">LO QUE NOS MUEVE<\/h2>\t\t<\/div>\n\t\t\t\t<\/div>\n\t\t<div class=\"elementor-element elementor-element-29f56d3 e-flex e-con-boxed e-con e-child\" data-id=\"29f56d3\" data-element_type=\"container\" data-settings=\"{&quot;content_width&quot;:&quot;boxed&quot;}\">\n\t\t\t\t\t<div class=\"e-con-inner\">\n\t\t<div class=\"elementor-element elementor-element-16b90e0 e-con-full e-flex e-con e-child\" data-id=\"16b90e0\" data-element_type=\"container\" data-settings=\"{&quot;content_width&quot;:&quot;full&quot;}\">\n\t\t\t\t<div class=\"elementor-element elementor-element-e93fee7 elementor-widget__width-auto elementor-widget elementor-widget-image\" data-id=\"e93fee7\" data-element_type=\"widget\" data-widget_type=\"image.default\">\n\t\t\t\t<div class=\"elementor-widget-container\">\n\t\t\t\t\t\t\t\t\t\t\t\t\t<img decoding=\"async\" width=\"150\" height=\"150\" src=\"https:\/\/deudu.co\/wp-content\/uploads\/2024\/01\/Calidez-150x150.png\" class=\"attachment-thumbnail size-thumbnail wp-image-786\" alt=\"\" srcset=\"https:\/\/deudu.co\/wp-content\/uploads\/2024\/01\/Calidez-150x150.png 150w, https:\/\/deudu.co\/wp-content\/uploads\/2024\/01\/Calidez-24x24.png 24w, https:\/\/deudu.co\/wp-content\/uploads\/2024\/01\/Calidez-36x36.png 36w, https:\/\/deudu.co\/wp-content\/uploads\/2024\/01\/Calidez-48x48.png 48w, https:\/\/deudu.co\/wp-content\/uploads\/2024\/01\/Calidez.png 181w\" sizes=\"(max-width: 150px) 100vw, 150px\" \/>\t\t\t\t\t\t\t\t\t\t\t\t\t<\/div>\n\t\t\t\t<\/div>\n\t\t\t\t<div class=\"elementor-element elementor-element-da3a1d0 elementor-widget elementor-widget-heading\" data-id=\"da3a1d0\" data-element_type=\"widget\" data-widget_type=\"heading.default\">\n\t\t\t\t<div class=\"elementor-widget-container\">\n\t\t\t<h4 class=\"elementor-heading-title elementor-size-default\">Calidez<\/h4>\t\t<\/div>\n\t\t\t\t<\/div>\n\t\t\t\t<\/div>\n\t\t<div class=\"elementor-element elementor-element-0368320 e-con-full e-flex e-con e-child\" data-id=\"0368320\" data-element_type=\"container\" data-settings=\"{&quot;content_width&quot;:&quot;full&quot;}\">\n\t\t\t\t<div class=\"elementor-element elementor-element-ee2ee8b elementor-widget__width-auto elementor-widget elementor-widget-image\" data-id=\"ee2ee8b\" data-element_type=\"widget\" data-widget_type=\"image.default\">\n\t\t\t\t<div class=\"elementor-widget-container\">\n\t\t\t\t\t\t\t\t\t\t\t\t\t<img decoding=\"async\" width=\"150\" height=\"150\" src=\"https:\/\/deudu.co\/wp-content\/uploads\/2024\/01\/Generar-oportunidades-150x150.png\" class=\"attachment-thumbnail size-thumbnail wp-image-780\" alt=\"\" srcset=\"https:\/\/deudu.co\/wp-content\/uploads\/2024\/01\/Generar-oportunidades-150x150.png 150w, https:\/\/deudu.co\/wp-content\/uploads\/2024\/01\/Generar-oportunidades-24x24.png 24w, https:\/\/deudu.co\/wp-content\/uploads\/2024\/01\/Generar-oportunidades-36x36.png 36w, https:\/\/deudu.co\/wp-content\/uploads\/2024\/01\/Generar-oportunidades-48x48.png 48w, https:\/\/deudu.co\/wp-content\/uploads\/2024\/01\/Generar-oportunidades.png 181w\" sizes=\"(max-width: 150px) 100vw, 150px\" \/>\t\t\t\t\t\t\t\t\t\t\t\t\t<\/div>\n\t\t\t\t<\/div>\n\t\t\t\t<div class=\"elementor-element elementor-element-5a9abd6 elementor-widget elementor-widget-heading\" data-id=\"5a9abd6\" data-element_type=\"widget\" data-widget_type=\"heading.default\">\n\t\t\t\t<div class=\"elementor-widget-container\">\n\t\t\t<h4 class=\"elementor-heading-title elementor-size-default\">Generar oportunidades<\/h4>\t\t<\/div>\n\t\t\t\t<\/div>\n\t\t\t\t<\/div>\n\t\t<div class=\"elementor-element elementor-element-2f51f02 e-con-full e-flex e-con e-child\" data-id=\"2f51f02\" data-element_type=\"container\" data-settings=\"{&quot;content_width&quot;:&quot;full&quot;}\">\n\t\t\t\t<div class=\"elementor-element elementor-element-a78840a elementor-widget__width-auto elementor-widget elementor-widget-image\" data-id=\"a78840a\" data-element_type=\"widget\" data-widget_type=\"image.default\">\n\t\t\t\t<div class=\"elementor-widget-container\">\n\t\t\t\t\t\t\t\t\t\t\t\t\t<img loading=\"lazy\" decoding=\"async\" width=\"150\" height=\"150\" src=\"https:\/\/deudu.co\/wp-content\/uploads\/2024\/01\/Idoneidad-150x150.png\" class=\"attachment-thumbnail size-thumbnail wp-image-781\" alt=\"\" srcset=\"https:\/\/deudu.co\/wp-content\/uploads\/2024\/01\/Idoneidad-150x150.png 150w, https:\/\/deudu.co\/wp-content\/uploads\/2024\/01\/Idoneidad-24x24.png 24w, https:\/\/deudu.co\/wp-content\/uploads\/2024\/01\/Idoneidad-36x36.png 36w, https:\/\/deudu.co\/wp-content\/uploads\/2024\/01\/Idoneidad-48x48.png 48w, https:\/\/deudu.co\/wp-content\/uploads\/2024\/01\/Idoneidad.png 181w\" sizes=\"(max-width: 150px) 100vw, 150px\" \/>\t\t\t\t\t\t\t\t\t\t\t\t\t<\/div>\n\t\t\t\t<\/div>\n\t\t\t\t<div class=\"elementor-element elementor-element-07d6831 elementor-widget elementor-widget-heading\" data-id=\"07d6831\" data-element_type=\"widget\" data-widget_type=\"heading.default\">\n\t\t\t\t<div class=\"elementor-widget-container\">\n\t\t\t<h4 class=\"elementor-heading-title elementor-size-default\">La idoneidad<\/h4>\t\t<\/div>\n\t\t\t\t<\/div>\n\t\t\t\t<\/div>\n\t\t<div class=\"elementor-element elementor-element-e97c17b e-con-full e-flex e-con e-child\" data-id=\"e97c17b\" data-element_type=\"container\" data-settings=\"{&quot;content_width&quot;:&quot;full&quot;}\">\n\t\t\t\t<div class=\"elementor-element elementor-element-97866d0 elementor-widget__width-auto elementor-widget elementor-widget-image\" data-id=\"97866d0\" data-element_type=\"widget\" data-widget_type=\"image.default\">\n\t\t\t\t<div class=\"elementor-widget-container\">\n\t\t\t\t\t\t\t\t\t\t\t\t\t<img loading=\"lazy\" decoding=\"async\" width=\"150\" height=\"150\" src=\"https:\/\/deudu.co\/wp-content\/uploads\/2024\/01\/Suenos-150x150.png\" class=\"attachment-thumbnail size-thumbnail wp-image-782\" alt=\"\" srcset=\"https:\/\/deudu.co\/wp-content\/uploads\/2024\/01\/Suenos-150x150.png 150w, https:\/\/deudu.co\/wp-content\/uploads\/2024\/01\/Suenos-24x24.png 24w, https:\/\/deudu.co\/wp-content\/uploads\/2024\/01\/Suenos-36x36.png 36w, https:\/\/deudu.co\/wp-content\/uploads\/2024\/01\/Suenos-48x48.png 48w, https:\/\/deudu.co\/wp-content\/uploads\/2024\/01\/Suenos.png 181w\" sizes=\"(max-width: 150px) 100vw, 150px\" \/>\t\t\t\t\t\t\t\t\t\t\t\t\t<\/div>\n\t\t\t\t<\/div>\n\t\t\t\t<div class=\"elementor-element elementor-element-5998024 elementor-widget elementor-widget-heading\" data-id=\"5998024\" data-element_type=\"widget\" data-widget_type=\"heading.default\">\n\t\t\t\t<div class=\"elementor-widget-container\">\n\t\t\t<h4 class=\"elementor-heading-title elementor-size-default\">Los sue\u00f1os<\/h4>\t\t<\/div>\n\t\t\t\t<\/div>\n\t\t\t\t<\/div>\n\t\t<div class=\"elementor-element elementor-element-0201082 e-con-full e-flex e-con e-child\" data-id=\"0201082\" data-element_type=\"container\" data-settings=\"{&quot;content_width&quot;:&quot;full&quot;}\">\n\t\t\t\t<div class=\"elementor-element elementor-element-ce11fb3 elementor-widget__width-auto elementor-widget elementor-widget-image\" data-id=\"ce11fb3\" data-element_type=\"widget\" data-widget_type=\"image.default\">\n\t\t\t\t<div class=\"elementor-widget-container\">\n\t\t\t\t\t\t\t\t\t\t\t\t\t<img loading=\"lazy\" decoding=\"async\" width=\"150\" height=\"150\" src=\"https:\/\/deudu.co\/wp-content\/uploads\/2024\/01\/Confianza-150x150.png\" class=\"attachment-thumbnail size-thumbnail wp-image-783\" alt=\"\" srcset=\"https:\/\/deudu.co\/wp-content\/uploads\/2024\/01\/Confianza-150x150.png 150w, https:\/\/deudu.co\/wp-content\/uploads\/2024\/01\/Confianza-24x24.png 24w, https:\/\/deudu.co\/wp-content\/uploads\/2024\/01\/Confianza-36x36.png 36w, https:\/\/deudu.co\/wp-content\/uploads\/2024\/01\/Confianza-48x48.png 48w, https:\/\/deudu.co\/wp-content\/uploads\/2024\/01\/Confianza.png 181w\" sizes=\"(max-width: 150px) 100vw, 150px\" \/>\t\t\t\t\t\t\t\t\t\t\t\t\t<\/div>\n\t\t\t\t<\/div>\n\t\t\t\t<div class=\"elementor-element elementor-element-8c00ac8 elementor-widget elementor-widget-heading\" data-id=\"8c00ac8\" data-element_type=\"widget\" data-widget_type=\"heading.default\">\n\t\t\t\t<div class=\"elementor-widget-container\">\n\t\t\t<h4 class=\"elementor-heading-title elementor-size-default\">La confianza<\/h4>\t\t<\/div>\n\t\t\t\t<\/div>\n\t\t\t\t<\/div>\n\t\t<div class=\"elementor-element elementor-element-8c508c3 e-con-full e-flex e-con e-child\" data-id=\"8c508c3\" data-element_type=\"container\" data-settings=\"{&quot;content_width&quot;:&quot;full&quot;}\">\n\t\t\t\t<div class=\"elementor-element elementor-element-14cdce1 elementor-widget__width-auto elementor-widget elementor-widget-image\" data-id=\"14cdce1\" data-element_type=\"widget\" data-widget_type=\"image.default\">\n\t\t\t\t<div class=\"elementor-widget-container\">\n\t\t\t\t\t\t\t\t\t\t\t\t\t<img loading=\"lazy\" decoding=\"async\" width=\"150\" height=\"150\" src=\"https:\/\/deudu.co\/wp-content\/uploads\/2024\/01\/Educacion-financiera-150x150.png\" class=\"attachment-thumbnail size-thumbnail wp-image-784\" alt=\"\" srcset=\"https:\/\/deudu.co\/wp-content\/uploads\/2024\/01\/Educacion-financiera-150x150.png 150w, https:\/\/deudu.co\/wp-content\/uploads\/2024\/01\/Educacion-financiera-24x24.png 24w, https:\/\/deudu.co\/wp-content\/uploads\/2024\/01\/Educacion-financiera-36x36.png 36w, https:\/\/deudu.co\/wp-content\/uploads\/2024\/01\/Educacion-financiera-48x48.png 48w, https:\/\/deudu.co\/wp-content\/uploads\/2024\/01\/Educacion-financiera.png 181w\" sizes=\"(max-width: 150px) 100vw, 150px\" \/>\t\t\t\t\t\t\t\t\t\t\t\t\t<\/div>\n\t\t\t\t<\/div>\n\t\t\t\t<div class=\"elementor-element elementor-element-bdeb364 elementor-widget elementor-widget-heading\" data-id=\"bdeb364\" data-element_type=\"widget\" data-widget_type=\"heading.default\">\n\t\t\t\t<div class=\"elementor-widget-container\">\n\t\t\t<h4 class=\"elementor-heading-title elementor-size-default\">La educaci\u00f3n financiera<\/h4>\t\t<\/div>\n\t\t\t\t<\/div>\n\t\t\t\t<\/div>\n\t\t<div class=\"elementor-element elementor-element-cbaad35 e-con-full e-flex e-con e-child\" data-id=\"cbaad35\" data-element_type=\"container\" data-settings=\"{&quot;content_width&quot;:&quot;full&quot;}\">\n\t\t\t\t<div class=\"elementor-element elementor-element-971369b elementor-widget__width-auto elementor-widget elementor-widget-image\" data-id=\"971369b\" data-element_type=\"widget\" data-widget_type=\"image.default\">\n\t\t\t\t<div class=\"elementor-widget-container\">\n\t\t\t\t\t\t\t\t\t\t\t\t\t<img loading=\"lazy\" decoding=\"async\" width=\"150\" height=\"150\" src=\"https:\/\/deudu.co\/wp-content\/uploads\/2024\/01\/Seguridad-150x150.png\" class=\"attachment-thumbnail size-thumbnail wp-image-785\" alt=\"\" srcset=\"https:\/\/deudu.co\/wp-content\/uploads\/2024\/01\/Seguridad-150x150.png 150w, https:\/\/deudu.co\/wp-content\/uploads\/2024\/01\/Seguridad-24x24.png 24w, https:\/\/deudu.co\/wp-content\/uploads\/2024\/01\/Seguridad-36x36.png 36w, https:\/\/deudu.co\/wp-content\/uploads\/2024\/01\/Seguridad-48x48.png 48w, https:\/\/deudu.co\/wp-content\/uploads\/2024\/01\/Seguridad.png 181w\" sizes=\"(max-width: 150px) 100vw, 150px\" \/>\t\t\t\t\t\t\t\t\t\t\t\t\t<\/div>\n\t\t\t\t<\/div>\n\t\t\t\t<div class=\"elementor-element elementor-element-01db80b elementor-widget elementor-widget-heading\" data-id=\"01db80b\" data-element_type=\"widget\" data-widget_type=\"heading.default\">\n\t\t\t\t<div class=\"elementor-widget-container\">\n\t\t\t<h4 class=\"elementor-heading-title elementor-size-default\">La seguridad<\/h4>\t\t<\/div>\n\t\t\t\t<\/div>\n\t\t\t\t<\/div>\n\t\t\t\t\t<\/div>\n\t\t\t\t<\/div>\n\t\t\t\t\t<\/div>\n\t\t\t\t<\/div>\n\t\t\t\t<\/div>\n\t\t","protected":false},"excerpt":{"rendered":"<p>Hola Somos Deudu Una compa\u00f1\u00eda dedicada a generar oportunidades para que salgas de los reportes en Centrales de Riesgo, esto lo logramos, [&hellip;]<\/p>\n<div class=\"pvc_clear\"><\/div>\n<p id=\"pvc_stats_446\" class=\"pvc_stats all  \" data-element-id=\"446\" style=\"\"><i class=\"pvc-stats-icon medium\" aria-hidden=\"true\"><svg xmlns=\"http:\/\/www.w3.org\/2000\/svg\" version=\"1.0\" viewBox=\"0 0 502 315\" preserveAspectRatio=\"xMidYMid meet\"><g transform=\"translate(0,332) scale(0.1,-0.1)\" fill=\"\" stroke=\"none\"><path d=\"M2394 3279 l-29 -30 -3 -207 c-2 -182 0 -211 15 -242 39 -76 157 -76 196 0 15 31 17 60 15 243 l-3 209 -33 29 c-26 23 -41 29 -80 29 -41 0 -53 -5 -78 -31z\"\/><path d=\"M3085 3251 c-45 -19 -58 -50 -96 -229 -47 -217 -49 -260 -13 -295 52 -53 146 -42 177 20 16 31 87 366 87 410 0 70 -86 122 -155 94z\"\/><path d=\"M1751 3234 c-13 -9 -29 -31 -37 -50 -12 -29 -10 -49 21 -204 19 -94 39 -189 45 -210 14 -50 54 -80 110 -80 34 0 48 6 76 34 21 21 34 44 34 59 0 14 -18 113 -40 219 -37 178 -43 195 -70 221 -36 32 -101 37 -139 11z\"\/><path d=\"M1163 3073 c-36 -7 -73 -59 -73 -102 0 -56 133 -378 171 -413 34 -32 83 -37 129 -13 70 36 67 87 -16 290 -86 209 -89 214 -129 231 -35 14 -42 15 -82 7z\"\/><path d=\"M3689 3066 c-15 -9 -33 -30 -42 -48 -48 -103 -147 -355 -147 -375 0 -98 131 -148 192 -74 13 15 57 108 97 206 80 196 84 226 37 273 -30 30 -99 39 -137 18z\"\/><path d=\"M583 2784 c-38 -19 -67 -74 -58 -113 9 -42 211 -354 242 -373 16 -10 45 -18 66 -18 51 0 107 52 107 100 0 39 -1 41 -124 234 -80 126 -108 162 -133 173 -41 17 -61 16 -100 -3z\"\/><path d=\"M4250 2784 c-14 -9 -74 -91 -133 -183 -95 -150 -107 -173 -107 -213 0 -55 33 -94 87 -104 67 -13 90 8 211 198 130 202 137 225 78 284 -27 27 -42 34 -72 34 -22 0 -50 -8 -64 -16z\"\/><path d=\"M2275 2693 c-553 -48 -1095 -270 -1585 -649 -135 -104 -459 -423 -483 -476 -23 -49 -22 -139 2 -186 73 -142 361 -457 571 -626 285 -228 642 -407 990 -497 242 -63 336 -73 660 -74 310 0 370 5 595 52 535 111 1045 392 1455 803 122 121 250 273 275 326 19 41 19 137 0 174 -41 79 -309 363 -465 492 -447 370 -946 591 -1479 653 -113 14 -422 18 -536 8z m395 -428 c171 -34 330 -124 456 -258 112 -119 167 -219 211 -378 27 -96 24 -300 -5 -401 -72 -255 -236 -447 -474 -557 -132 -62 -201 -76 -368 -76 -167 0 -236 14 -368 76 -213 98 -373 271 -451 485 -162 444 86 934 547 1084 153 49 292 57 452 25z m909 -232 c222 -123 408 -262 593 -441 76 -74 138 -139 138 -144 0 -16 -233 -242 -330 -319 -155 -123 -309 -223 -461 -299 l-81 -41 32 46 c18 26 49 83 70 128 143 306 141 649 -6 957 -25 52 -61 116 -79 142 l-34 47 45 -20 c26 -10 76 -36 113 -56z m-2057 25 c-40 -58 -105 -190 -130 -263 -110 -324 -59 -707 132 -981 25 -35 42 -64 37 -64 -19 0 -241 119 -326 174 -188 122 -406 314 -532 468 l-58 71 108 103 c185 178 428 349 672 473 66 33 121 60 123 61 2 0 -10 -19 -26 -42z\"\/><path d=\"M2375 1950 c-198 -44 -350 -190 -395 -379 -18 -76 -8 -221 19 -290 114 -284 457 -406 731 -260 98 52 188 154 231 260 27 69 37 214 19 290 -38 163 -166 304 -326 360 -67 23 -215 33 -279 19z\"\/><\/g><\/svg><\/i> <img loading=\"lazy\" decoding=\"async\" width=\"16\" height=\"16\" alt=\"Loading\" src=\"https:\/\/deudu.co\/wp-content\/plugins\/page-views-count\/ajax-loader-2x.gif\" border=0 \/><\/p>\n<div class=\"pvc_clear\"><\/div>\n","protected":false},"author":1,"featured_media":0,"parent":0,"menu_order":0,"comment_status":"closed","ping_status":"closed","template":"","meta":{"footnotes":""},"_links":{"self":[{"href":"https:\/\/deudu.co\/index.php\/wp-json\/wp\/v2\/pages\/446"}],"collection":[{"href":"https:\/\/deudu.co\/index.php\/wp-json\/wp\/v2\/pages"}],"about":[{"href":"https:\/\/deudu.co\/index.php\/wp-json\/wp\/v2\/types\/page"}],"author":[{"embeddable":true,"href":"https:\/\/deudu.co\/index.php\/wp-json\/wp\/v2\/users\/1"}],"replies":[{"embeddable":true,"href":"https:\/\/deudu.co\/index.php\/wp-json\/wp\/v2\/comments?post=446"}],"version-history":[{"count":34,"href":"https:\/\/deudu.co\/index.php\/wp-json\/wp\/v2\/pages\/446\/revisions"}],"predecessor-version":[{"id":1001,"href":"https:\/\/deudu.co\/index.php\/wp-json\/wp\/v2\/pages\/446\/revisions\/1001"}],"wp:attachment":[{"href":"https:\/\/deudu.co\/index.php\/wp-json\/wp\/v2\/media?parent=446"}],"curies":[{"name":"wp","href":"https:\/\/api.w.org\/{rel}","templated":true}]}}